{"id":8,"date":"2023-10-17T12:08:57","date_gmt":"2023-10-17T10:08:57","guid":{"rendered":"https:\/\/svensonfotografie.de\/?page_id=8"},"modified":"2025-09-24T20:20:39","modified_gmt":"2025-09-24T18:20:39","slug":"gestalte-deine-website-mit-bloecken","status":"publish","type":"page","link":"https:\/\/www.svensonfotografie.de\/","title":{"rendered":"svensonfotografie"},"content":{"rendered":"\n<p class=\"has-text-align-center has-large-font-size\">Mit meiner Kamera halte ich die besonderen Momente fest, die das Leben schreibt \u2013 nat\u00fcrlich, ungestellt und voller Emotion. Ob Hochzeit, Familien- oder Babybauchshooting, Portraits, Newborn, Events oder Konzerte: Ich fange Erinnerungen ein, die bleiben. <\/p>\n\n\n\n<p class=\"has-text-align-center has-large-font-size\">Und wenn ich f\u00fcr mich unterwegs bin, finde ich die sch\u00f6nsten Geschichten drau\u00dfen in der Natur. <\/p>\n\n\n\n<p class=\"has-text-align-center has-large-font-size\">Du m\u00f6chtest, dass ich auch die Momente und Geschichten festhalte, die du schreibst? Dann melde dich gerne bei mir \u2764\ufe0f<\/p>\n\n\n\n<p><\/p>\n\n\n\n<figure class=\"wp-block-gallery has-nested-images columns-default is-cropped wp-block-gallery-1 is-layout-flex wp-block-gallery-is-layout-flex\">\n<figure class=\"wp-block-image size-large\"><img loading=\"lazy\" decoding=\"async\" width=\"2667\" height=\"4000\" data-id=\"745\" src=\"https:\/\/svensonfotografie.de\/wp-content\/uploads\/2025\/09\/DSCF1394-2667x4000.jpg\" alt=\"\" class=\"wp-image-745\" srcset=\"https:\/\/www.svensonfotografie.de\/wp-content\/uploads\/2025\/09\/DSCF1394-2667x4000.jpg 2667w, https:\/\/www.svensonfotografie.de\/wp-content\/uploads\/2025\/09\/DSCF1394-200x300.jpg 200w, https:\/\/www.svensonfotografie.de\/wp-content\/uploads\/2025\/09\/DSCF1394-768x1152.jpg 768w, https:\/\/www.svensonfotografie.de\/wp-content\/uploads\/2025\/09\/DSCF1394-1024x1536.jpg 1024w, https:\/\/www.svensonfotografie.de\/wp-content\/uploads\/2025\/09\/DSCF1394-1365x2048.jpg 1365w, https:\/\/www.svensonfotografie.de\/wp-content\/uploads\/2025\/09\/DSCF1394-scaled.jpg 1707w\" sizes=\"auto, (max-width: 2667px) 100vw, 2667px\" \/><\/figure>\n\n\n\n<figure class=\"wp-block-image size-large\"><img loading=\"lazy\" decoding=\"async\" width=\"2667\" height=\"4000\" data-id=\"744\" src=\"https:\/\/svensonfotografie.de\/wp-content\/uploads\/2025\/09\/DSCF8274-1-2667x4000.jpg\" alt=\"\" class=\"wp-image-744\" srcset=\"https:\/\/www.svensonfotografie.de\/wp-content\/uploads\/2025\/09\/DSCF8274-1-2667x4000.jpg 2667w, https:\/\/www.svensonfotografie.de\/wp-content\/uploads\/2025\/09\/DSCF8274-1-200x300.jpg 200w, https:\/\/www.svensonfotografie.de\/wp-content\/uploads\/2025\/09\/DSCF8274-1-768x1152.jpg 768w, https:\/\/www.svensonfotografie.de\/wp-content\/uploads\/2025\/09\/DSCF8274-1-1024x1536.jpg 1024w, https:\/\/www.svensonfotografie.de\/wp-content\/uploads\/2025\/09\/DSCF8274-1-1365x2048.jpg 1365w, https:\/\/www.svensonfotografie.de\/wp-content\/uploads\/2025\/09\/DSCF8274-1-scaled.jpg 1707w\" sizes=\"auto, (max-width: 2667px) 100vw, 2667px\" \/><\/figure>\n\n\n\n<figure class=\"wp-block-image size-large\"><img loading=\"lazy\" decoding=\"async\" width=\"2667\" height=\"4000\" data-id=\"674\" src=\"https:\/\/svensonfotografie.de\/wp-content\/uploads\/2025\/09\/Trip_StadfestVoelklingen-213-2667x4000.jpg\" alt=\"\" class=\"wp-image-674\" srcset=\"https:\/\/www.svensonfotografie.de\/wp-content\/uploads\/2025\/09\/Trip_StadfestVoelklingen-213-2667x4000.jpg 2667w, https:\/\/www.svensonfotografie.de\/wp-content\/uploads\/2025\/09\/Trip_StadfestVoelklingen-213-200x300.jpg 200w, https:\/\/www.svensonfotografie.de\/wp-content\/uploads\/2025\/09\/Trip_StadfestVoelklingen-213-768x1152.jpg 768w, https:\/\/www.svensonfotografie.de\/wp-content\/uploads\/2025\/09\/Trip_StadfestVoelklingen-213-1024x1536.jpg 1024w, https:\/\/www.svensonfotografie.de\/wp-content\/uploads\/2025\/09\/Trip_StadfestVoelklingen-213-1365x2048.jpg 1365w, https:\/\/www.svensonfotografie.de\/wp-content\/uploads\/2025\/09\/Trip_StadfestVoelklingen-213-scaled.jpg 1707w\" sizes=\"auto, (max-width: 2667px) 100vw, 2667px\" \/><\/figure>\n<\/figure>\n","protected":false},"excerpt":{"rendered":"<p>Mit meiner Kamera halte ich die besonderen Momente fest, die das Leben schreibt \u2013 nat\u00fcrlich, ungestellt und voller Emotion. Ob Hochzeit, Familien- oder Babybauchshooting, Portraits, Newborn, Events oder Konzerte: Ich fange Erinnerungen ein, die bleiben. Und wenn ich f\u00fcr mich unterwegs bin, finde ich die &hellip; <a href=\"https:\/\/www.svensonfotografie.de\/\" class=\"more-link\"><span>Continue reading<span class=\"screen-reader-text\">svensonfotografie<\/span><\/span><\/a><\/p>\n","protected":false},"author":1,"featured_media":0,"parent":0,"menu_order":0,"comment_status":"closed","ping_status":"closed","template":"","meta":{"pgc_sgb_lightbox_settings":"","footnotes":""},"class_list":["post-8","page","type-page","status-publish","hentry"],"_links":{"self":[{"href":"https:\/\/www.svensonfotografie.de\/index.php\/wp-json\/wp\/v2\/pages\/8","targetHints":{"allow":["GET"]}}],"collection":[{"href":"https:\/\/www.svensonfotografie.de\/index.php\/wp-json\/wp\/v2\/pages"}],"about":[{"href":"https:\/\/www.svensonfotografie.de\/index.php\/wp-json\/wp\/v2\/types\/page"}],"author":[{"embeddable":true,"href":"https:\/\/www.svensonfotografie.de\/index.php\/wp-json\/wp\/v2\/users\/1"}],"replies":[{"embeddable":true,"href":"https:\/\/www.svensonfotografie.de\/index.php\/wp-json\/wp\/v2\/comments?post=8"}],"version-history":[{"count":92,"href":"https:\/\/www.svensonfotografie.de\/index.php\/wp-json\/wp\/v2\/pages\/8\/revisions"}],"predecessor-version":[{"id":779,"href":"https:\/\/www.svensonfotografie.de\/index.php\/wp-json\/wp\/v2\/pages\/8\/revisions\/779"}],"wp:attachment":[{"href":"https:\/\/www.svensonfotografie.de\/index.php\/wp-json\/wp\/v2\/media?parent=8"}],"curies":[{"name":"wp","href":"https:\/\/api.w.org\/{rel}","templated":true}]}}